{"id":897,"date":"2017-02-02T10:59:56","date_gmt":"2017-02-02T07:59:56","guid":{"rendered":"http:\/\/www.elcerrahisi.info.tr\/?page_id=897\/"},"modified":"2017-03-30T18:17:29","modified_gmt":"2017-03-30T15:17:29","slug":"home","status":"publish","type":"page","link":"https:\/\/www.elcerrahisi.info.tr\/en\/","title":{"rendered":"Home"},"content":{"rendered":"<div class=\"be-section         clearfix\" data-headerscheme=\"background--light\" style=\" \"  ><div class=\"be-section-pad clearfix \" style=\" padding-top:4px;padding-bottom:4px;\" data-padding-top = \"4\"><div  class=\"be-row  zero-bottom be-no-space \"><div  class=\"one-col column-block clearfix  no-background    \" data-animation=\"\" style=\"  \"><div class=\"be-custom-column-inner\">\t\t<div style=\"width:800px;height:300px;margin-bottom:10px;margin:0px auto;\">\r\n\t\t\t<div style=\"margin: auto; line-height: 40px; font-size: 14px; color: #FFF; padding: 15px; background: #E74C3C; margin: 20px 0px;\">\r\n\t\t\t\tRevolution Slider Error: Slider with alias <strong>son-yazilar-slide<\/strong> not found. <br>Maybe you mean: 'ana-sayfa1'\t\t\t<\/div>\r\n\t\t<\/div>\r\n\t\t<script type=\"text\/javascript\">\r\n\t\t\tjQuery(document).ready(function(){\r\n\t\t\t\tjQuery(\".rev_slider\").show();\r\n\t\t\t});\r\n\t\t<\/script>\r\n\t\t<\/div><\/div><\/div><\/div><\/div><div class=\"be-section         clearfix\" data-headerscheme=\"background--light\" style=\" \"  ><div class=\"be-section-pad clearfix \" style=\" padding-top:64px;padding-bottom:0px;\" data-padding-top = \"64\"><div  class=\"be-row be-wrap clearfix zero-bottom be-no-space \"><div  class=\"one-third column-block  with-background be-bg-cover   \" data-animation=\"\" style=\"background: url(https:\/\/www.elcerrahisi.info.tr\/wp-content\/uploads\/2016\/12\/omuz01.jpg) no-repeat scroll center center;  \"><div class=\"be-custom-column-inner\"><\/div><\/div><div  class=\"one-third column-block  with-background be-bg-cover   be-bg-overlay\" data-animation=\"\" style=\"background: url(https:\/\/www.elcerrahisi.info.tr\/wp-content\/uploads\/2016\/12\/image-4.jpg) no-repeat scroll center center;  \"><div class=\"be-custom-column-inner\"><div class=\"linebreak \" style=\"height:80px;\"><\/div><div class=\"be-text-inner clearfix\" style=\"width: 75%; margin: 0 auto 30px;\"><h5 style=\"text-align: center;\">Orthopaedics &amp; Traumatology<\/h5>\n<p style=\"text-align: center;\">Orthopaedics and Traumatology, one of the major branches of the Medical Science, deal with Science Movement System functions, surgical and conservative treatment of Movement System Diseases and injuries&#8230;<\/p>\n<p style=\"text-align: center;\"><a href=\"\/en\/my-interests\/orthopedics-traumatology\/\">Read More&#8230;<\/a><\/p>\n<\/div><div class=\"linebreak \" style=\"height:60px;\"><\/div><\/div><div class=\" section-overlay\" style=\"background: #ffffff; -ms-filter: progid:DXImageTransform.Microsoft.Alpha(Opacity=20);filter: alpha(opacity=20);-moz-opacity: 0.2;-khtml-opacity: 0.2;opacity: 0.2;\" ><\/div><\/div><div  class=\"one-third column-block  with-background be-bg-cover   \" data-animation=\"\" style=\"background: url(https:\/\/www.elcerrahisi.info.tr\/wp-content\/uploads\/2016\/12\/el-bilek01.jpg) no-repeat scroll center center;  \"><div class=\"be-custom-column-inner\"><\/div><\/div><\/div><\/div><\/div><div class=\"be-section         clearfix\" data-headerscheme=\"background--light\" style=\" \"  ><div class=\"be-section-pad clearfix \" style=\" padding-top:0px;padding-bottom:64px;\" data-padding-top = \"0\"><div  class=\"be-row be-wrap clearfix zero-bottom be-no-space \"><div  class=\"one-third column-block  with-background be-bg-cover   be-bg-overlay\" data-animation=\"\" style=\"background: url(https:\/\/www.elcerrahisi.info.tr\/wp-content\/uploads\/2016\/12\/image-5.jpg) no-repeat scroll center center;  \"><div class=\"be-custom-column-inner\"><div class=\"linebreak \" style=\"height:80px;\"><\/div><div class=\"be-text-inner clearfix\" style=\"width: 75%; margin: 0 auto 30px;\"><h5 style=\"text-align: center;\">Hand Surgery &amp; Microsurgery<\/h5>\n<p style=\"text-align: center;\"><strong>HAND SURGERY<\/strong>; is a science related to the diagnosis and treatment of hand, wrist, forearm, elbow diseases and injuries, shoulder injuries and diseases, repairing of hand, arm and nerve incisions, congenital anomalies of the upper extremities, brachial plexus injuries&#8230;<\/p>\n<p style=\"text-align: center;\"><a href=\"\/en\/my-interests\/hand-surgery-microsurgery\/\">Read More&#8230;<\/a><\/p>\n<\/div><div class=\"linebreak \" style=\"height:60px;\"><\/div><\/div><div class=\" section-overlay\" style=\"background: #ffffff; -ms-filter: progid:DXImageTransform.Microsoft.Alpha(Opacity=60);filter: alpha(opacity=60);-moz-opacity: 0.6;-khtml-opacity: 0.6;opacity: 0.6;\" ><\/div><\/div><div  class=\"one-third column-block  with-background be-bg-cover   \" data-animation=\"\" style=\"background: url(https:\/\/www.elcerrahisi.info.tr\/wp-content\/uploads\/2016\/12\/diz01.jpg) no-repeat scroll center center;  \"><div class=\"be-custom-column-inner\"><\/div><\/div><div  class=\"one-third column-block  with-background be-bg-cover   be-bg-overlay\" data-animation=\"\" style=\"background: url(https:\/\/www.elcerrahisi.info.tr\/wp-content\/uploads\/2016\/12\/image-6.jpg) no-repeat scroll center center;  \"><div class=\"be-custom-column-inner\"><div class=\"linebreak \" style=\"height:80px;\"><\/div><div class=\"be-text-inner clearfix\" style=\"width: 75%; margin: 0 auto 30px;\"><h5 style=\"text-align: center;\">Frequently Asked Questions<\/h5>\n<p style=\"text-align: center;\">Prof. Dr. Mahmut K\u00f6m\u00fcrc\u00fc answers patient questions. Examine questions frequently asked by our patients and their answers. Hip &amp; Knee Surgery, Foot &amp; Ankle Surgery, Shoulder &amp; Elbow Surgery, Pediatric Orthopaedics, Sports Diseases and more&#8230;<\/p>\n<p style=\"text-align: center;\"><a href=\"\/en\/frequently-asked-questions\/\">Read More&#8230;<\/a><\/p>\n<\/div><div class=\"linebreak \" style=\"height:60px;\"><\/div><\/div><div class=\" section-overlay\" style=\"background: #ffffff; -ms-filter: progid:DXImageTransform.Microsoft.Alpha(Opacity=20);filter: alpha(opacity=20);-moz-opacity: 0.2;-khtml-opacity: 0.2;opacity: 0.2;\" ><\/div><\/div><\/div><\/div><\/div><div class=\"be-section         clearfix\" data-headerscheme=\"background--light\" style=\" \"  ><div class=\"be-section-pad clearfix \" style=\" padding-top:64px;padding-bottom:64px;\" data-padding-top = \"64\"><div  class=\"be-row be-wrap clearfix \"><div id = \"thumbgizle1\" class=\"one-col column-block clearfix  no-background    \" data-animation=\"\" style=\"  \"><div class=\"be-custom-column-inner\"><h3>Recent Posts<\/h3>\n<div class=\"linebreak \" style=\"height:16px;\"><\/div><div class=\"clearfix related-items style3-blog \"><div class=\"one-third column-block be-hoverlay\">\t\n<article id=\"post-1210\" class=\"element not-wide blog-post clearfix post-1210 post type-post status-publish format-standard has-post-thumbnail hentry category-microsurgery element not-wide\" style=\"margin-bottom: 0px !important;\">\n\t<div class=\"element-inner\" style=\"margin-left:0px\">\n\t\t<div class=\"post-content-wrap\">\n\t\t\t<div class=\"post-thumb\">\t\n\t<div class=\"\">        \t\n\t\t<a href=\"https:\/\/www.elcerrahisi.info.tr\/en\/nerve-entrapment-in-wrist-level-carpal-tunnel-syndrome\/\" class=\" thumb-wrap\">\n\t\t\t<img width=\"1160\" height=\"700\" src=\"https:\/\/www.elcerrahisi.info.tr\/wp-content\/uploads\/2017\/03\/karpal_tunel01_en-1160x700.jpg\" class=\"attachment-blog-image size-blog-image wp-post-image\" alt=\"\" loading=\"lazy\" \/>\t\t\t<div class=\"thumb-overlay\">\n\t\t\t\t<div class=\"thumb-bg\">\n\t\t\t\t\t<div class=\"thumb-title fadeIn animated\">\n\t\t\t\t\t\t<i class=\"portfolio-ovelay-icon\"><\/i>\n\t\t\t\t\t<\/div>\n\t\t\t\t<\/div>\n\t\t\t<\/div>\n\t\t<\/a>\n\t<\/div>\t\t\t\n<\/div>\n\t\t\t<div class=\"article-details clearfix\">\n\t\t\t\t<header class=\"post-header clearfix\">\n\t\t\t\t\t<h5 class=\"post-title\"><a href=\"https:\/\/www.elcerrahisi.info.tr\/en\/nerve-entrapment-in-wrist-level-carpal-tunnel-syndrome\/\">Nerve Entrapment in Wrist Level (Carpal Tunnel Syndrome)<\/a><\/h5>\t\t\t\t<\/header>\n\t\t\t\t\t\t\t\t\t<div class=\"post-top-details clearfix\"><nav class=\"post-nav meta-font secondary_text\">\n\t<ul class=\"clearfix\">\n\t\t<li class=\"post-meta post-comments\">\n\t\t\t<a href=\"https:\/\/www.elcerrahisi.info.tr\/en\/nerve-entrapment-in-wrist-level-carpal-tunnel-syndrome\/#respond\">0  comments<\/a><span class=\"post-meta-sep\">\/<\/span>\n\t\t<\/li>\n\t\t<li class=\"post-meta\">22 March 2017<\/li>\n\t<\/ul>\n<\/nav><\/div>\n\t\t\t\t\t<div class=\"post-details clearfix\">\n\t\t\t\t\t\t<div class=\"post-content clearfix\">\n\t\t\t\t\t\t\t<p>What is it? :\u00a0The nerve entrapment at the wrist level, that is, the Carpal Tunnel Syndrome, is the entrapment of the median nerve going to hand when passing through carpal [&hellip;]<\/p>\n<p><a href=\"https:\/\/www.elcerrahisi.info.tr\/en\/nerve-entrapment-in-wrist-level-carpal-tunnel-syndrome\/\" class=\"more-link style3-button\">Read More<\/a><\/p>\t\t\t\t\t\t<\/div>\n\t\t\t\t\t<\/div>\n\t\t\t\t\t\t\t\t<div class=\"post-bottom-details clearfix\"><nav class=\"post-nav meta-font secondary_text\">\n\t<ul class=\"clearfix\">\t\n\t\t<li class=\"post-meta post-category\">Under :<a href=\"https:\/\/www.elcerrahisi.info.tr\/en\/kategori\/hand-surgery-microsurgery\/microsurgery\/\" title=\"View all posts in Microsurgery\"> Microsurgery<\/a><\/li>\n\t<\/ul>\n<\/nav><\/div>\n\t\t\t<\/div>\n\t\t\t<div class=\"clearfix\"><\/div>\n\t\t<\/div>\n\t<\/div>\n<\/article>\n<\/div><div class=\"one-third column-block be-hoverlay\">\t\n<article id=\"post-1205\" class=\"element not-wide blog-post clearfix post-1205 post type-post status-publish format-standard has-post-thumbnail hentry category-hand-surgery tag-trigger-finger element not-wide\" style=\"margin-bottom: 0px !important;\">\n\t<div class=\"element-inner\" style=\"margin-left:0px\">\n\t\t<div class=\"post-content-wrap\">\n\t\t\t<div class=\"post-thumb\">\t\n\t<div class=\"\">        \t\n\t\t<a href=\"https:\/\/www.elcerrahisi.info.tr\/en\/trigger-finger\/\" class=\" thumb-wrap\">\n\t\t\t<img width=\"1000\" height=\"700\" src=\"https:\/\/www.elcerrahisi.info.tr\/wp-content\/uploads\/2017\/01\/tetik01-1000x700.jpg\" class=\"attachment-blog-image size-blog-image wp-post-image\" alt=\"\" loading=\"lazy\" \/>\t\t\t<div class=\"thumb-overlay\">\n\t\t\t\t<div class=\"thumb-bg\">\n\t\t\t\t\t<div class=\"thumb-title fadeIn animated\">\n\t\t\t\t\t\t<i class=\"portfolio-ovelay-icon\"><\/i>\n\t\t\t\t\t<\/div>\n\t\t\t\t<\/div>\n\t\t\t<\/div>\n\t\t<\/a>\n\t<\/div>\t\t\t\n<\/div>\n\t\t\t<div class=\"article-details clearfix\">\n\t\t\t\t<header class=\"post-header clearfix\">\n\t\t\t\t\t<h5 class=\"post-title\"><a href=\"https:\/\/www.elcerrahisi.info.tr\/en\/trigger-finger\/\">Trigger Finger<\/a><\/h5>\t\t\t\t<\/header>\n\t\t\t\t\t\t\t\t\t<div class=\"post-top-details clearfix\"><nav class=\"post-nav meta-font secondary_text\">\n\t<ul class=\"clearfix\">\n\t\t<li class=\"post-meta post-comments\">\n\t\t\t<a href=\"https:\/\/www.elcerrahisi.info.tr\/en\/trigger-finger\/#respond\">0  comments<\/a><span class=\"post-meta-sep\">\/<\/span>\n\t\t<\/li>\n\t\t<li class=\"post-meta\">21 March 2017<\/li>\n\t<\/ul>\n<\/nav><\/div>\n\t\t\t\t\t<div class=\"post-details clearfix\">\n\t\t\t\t\t\t<div class=\"post-content clearfix\">\n\t\t\t\t\t\t\t<p>What is it? :\u00a0Fingers getting stuck while opening and suddenly opening with a click sound when pushed is called trigger finger.<\/p>\n<p><a href=\"https:\/\/www.elcerrahisi.info.tr\/en\/trigger-finger\/\" class=\"more-link style3-button\">Read More<\/a><\/p>\t\t\t\t\t\t<\/div>\n\t\t\t\t\t<\/div>\n\t\t\t\t\t\t\t\t<div class=\"post-bottom-details clearfix\"><nav class=\"post-nav meta-font secondary_text\">\n\t<ul class=\"clearfix\">\t\n\t\t<li class=\"post-meta post-category\">Under :<a href=\"https:\/\/www.elcerrahisi.info.tr\/en\/kategori\/hand-surgery-microsurgery\/hand-surgery\/\" title=\"View all posts in Hand Surgery\"> Hand Surgery<\/a><\/li>\n\t<\/ul>\n<\/nav><\/div>\n\t\t\t<\/div>\n\t\t\t<div class=\"clearfix\"><\/div>\n\t\t<\/div>\n\t<\/div>\n<\/article>\n<\/div><div class=\"one-third column-block be-hoverlay\">\t\n<article id=\"post-1200\" class=\"element not-wide blog-post clearfix post-1200 post type-post status-publish format-standard has-post-thumbnail hentry category-hand-surgery tag-ganglion-on-wrist element not-wide\" style=\"margin-bottom: 0px !important;\">\n\t<div class=\"element-inner\" style=\"margin-left:0px\">\n\t\t<div class=\"post-content-wrap\">\n\t\t\t<div class=\"post-thumb\">\t\n\t<div class=\"\">        \t\n\t\t<a href=\"https:\/\/www.elcerrahisi.info.tr\/en\/ganglion-on-wrist\/\" class=\" thumb-wrap\">\n\t\t\t<img width=\"1160\" height=\"700\" src=\"https:\/\/www.elcerrahisi.info.tr\/wp-content\/uploads\/2017\/01\/ganglion02-1160x700.jpg\" class=\"attachment-blog-image size-blog-image wp-post-image\" alt=\"\" loading=\"lazy\" \/>\t\t\t<div class=\"thumb-overlay\">\n\t\t\t\t<div class=\"thumb-bg\">\n\t\t\t\t\t<div class=\"thumb-title fadeIn animated\">\n\t\t\t\t\t\t<i class=\"portfolio-ovelay-icon\"><\/i>\n\t\t\t\t\t<\/div>\n\t\t\t\t<\/div>\n\t\t\t<\/div>\n\t\t<\/a>\n\t<\/div>\t\t\t\n<\/div>\n\t\t\t<div class=\"article-details clearfix\">\n\t\t\t\t<header class=\"post-header clearfix\">\n\t\t\t\t\t<h5 class=\"post-title\"><a href=\"https:\/\/www.elcerrahisi.info.tr\/en\/ganglion-on-wrist\/\">Ganglion on Wrist<\/a><\/h5>\t\t\t\t<\/header>\n\t\t\t\t\t\t\t\t\t<div class=\"post-top-details clearfix\"><nav class=\"post-nav meta-font secondary_text\">\n\t<ul class=\"clearfix\">\n\t\t<li class=\"post-meta post-comments\">\n\t\t\t<a href=\"https:\/\/www.elcerrahisi.info.tr\/en\/ganglion-on-wrist\/#respond\">0  comments<\/a><span class=\"post-meta-sep\">\/<\/span>\n\t\t<\/li>\n\t\t<li class=\"post-meta\">21 March 2017<\/li>\n\t<\/ul>\n<\/nav><\/div>\n\t\t\t\t\t<div class=\"post-details clearfix\">\n\t\t\t\t\t\t<div class=\"post-content clearfix\">\n\t\t\t\t\t\t\t<p>What is it? :\u00a0The ganglion cyst is a capsular vesicle filled with a transparent joint fluid originating from the joint capsule or tendon sheath in the wrist.<\/p>\n<p><a href=\"https:\/\/www.elcerrahisi.info.tr\/en\/ganglion-on-wrist\/\" class=\"more-link style3-button\">Read More<\/a><\/p>\t\t\t\t\t\t<\/div>\n\t\t\t\t\t<\/div>\n\t\t\t\t\t\t\t\t<div class=\"post-bottom-details clearfix\"><nav class=\"post-nav meta-font secondary_text\">\n\t<ul class=\"clearfix\">\t\n\t\t<li class=\"post-meta post-category\">Under :<a href=\"https:\/\/www.elcerrahisi.info.tr\/en\/kategori\/hand-surgery-microsurgery\/hand-surgery\/\" title=\"View all posts in Hand Surgery\"> Hand Surgery<\/a><\/li>\n\t<\/ul>\n<\/nav><\/div>\n\t\t\t<\/div>\n\t\t\t<div class=\"clearfix\"><\/div>\n\t\t<\/div>\n\t<\/div>\n<\/article>\n<\/div><\/div><\/div><\/div><\/div><div  class=\"be-row be-wrap clearfix zero-bottom be-no-space \"><div id = \"siyah-beyaz01\" class=\"one-third column-block  with-background be-bg-cover   be-bg-overlay\" data-animation=\"\" style=\"background: url(https:\/\/www.elcerrahisi.info.tr\/wp-content\/uploads\/2016\/12\/ameliyat01.jpg) no-repeat scroll bottom center;  vertical-align: top;\"><div class=\"be-custom-column-inner\"><div class=\"linebreak \" style=\"height:180px;\"><\/div><\/div><div class=\" section-overlay\" style=\"background: #27a2db; -ms-filter: progid:DXImageTransform.Microsoft.Alpha(Opacity=80);filter: alpha(opacity=80);-moz-opacity: 0.8;-khtml-opacity: 0.8;opacity: 0.8;\" ><\/div><\/div><div id = \"genisbuton1\" class=\"two-third column-block  with-background be-bg-cover   be-bg-overlay\" data-animation=\"\" style=\"background: url(https:\/\/www.elcerrahisi.info.tr\/wp-content\/uploads\/2016\/12\/bg01.jpg) no-repeat scroll center center;  \"><div class=\"be-custom-column-pad\" style=\"padding-top: 5%;padding-right: 10%;padding-bottom: 8%;padding-left: 10%;\"><div class=\"be-text-inner clearfix\" style=\"width: 75%; margin: 0 0 30px;\"><p><img class=\"size-full wp-image-60 alignright\" style=\"position: absolute; right: 32px; bottom: 0;\" src=\"\/wp-content\/uploads\/2016\/12\/mahmutkomurcu01.png\" alt=\"\" width=\"230\" height=\"215\"><\/p>\n<h3>Ask and Get an Answer<\/h3>\n<blockquote><p>Prof. Dr. Mahmut K\u00f6m\u00fcrc\u00fc answers patient questions. Examine questions and answers frequently asked by our patients.<\/p><\/blockquote>\n<p>Send your questions, opinions, thoughts and suggestions to Prof. Dr. Mahmut K\u00f6m\u00fcrc\u00fc. We will try to answer your questions as soon as possible.<\/p>\n<\/div><div class=\"be-button-wrap align-block block-left \"><a class=\"be-shortcode largebtn be-button left-icon none   bg-animation-none\" href=\"\/en\/Frequently-asked-Questions\" style= \"border-style: solid; border-width:0px; border-color: transparent;background-color: #27a2db; color: #ffffff; \" data-animation=\"fadeIn\" data-bg-color=\"#27a2db\" data-hover-bg-color=\"#27a2db\" data-color=\"#ffffff\" data-hover-color=\"#ffffff\" data-border-color=\"transparent\" data-hover-border-color=\"transparent\" ><i class=\"font-icon icon-search2\"><\/i>View<\/a><\/div><\/div><div class=\" section-overlay\" style=\"background: #ffffff; -ms-filter: progid:DXImageTransform.Microsoft.Alpha(Opacity=20);filter: alpha(opacity=20);-moz-opacity: 0.2;-khtml-opacity: 0.2;opacity: 0.2;\" ><\/div><\/div><\/div><\/div><\/div><div class=\"be-section   be-bg-cover  be-bg-overlay    clearfix\" data-headerscheme=\"background--light\" style=\" background: url(https:\/\/www.elcerrahisi.info.tr\/wp-content\/uploads\/revslider\/NiceAndClean_Projects\/carousel7.jpg) no-repeat fixed center center;\"  ><div class=\"be-section-pad clearfix \" style=\" padding-top:90px;padding-bottom:90px;\" data-padding-top = \"90\"><div class=\"section-overlay\" style=\"background: #000000; -ms-filter: progid:DXImageTransform.Microsoft.Alpha(Opacity=75);filter: alpha(opacity=75);-moz-opacity: 0.75;-khtml-opacity: 0.75;opacity: 0.75;\"><\/div><div  class=\"be-row be-wrap clearfix \"><div  class=\"two-third column-block  no-background    \" data-animation=\"\" style=\"  \"><div class=\"be-custom-column-inner\"><div class=\"wpb_text_column wpb_content_element \">\n<div class=\"wpb_wrapper\">\n<div class=\"wpb_text_column wpb_content_element \">\n<div class=\"wpb_wrapper\">\n<div class=\"q_elements_holder two_columns responsive_mode_from_768 alignment_one_column_left\">\n<div class=\"q_elements_item\" data-animation=\"no\">\n<div class=\"q_elements_item_inner\">\n<div class=\"q_elements_item_content q_elements_holder_custom_299246\">\n<div class=\"wpb_text_column wpb_content_element \">\n<div class=\"wpb_wrapper\">\n<h3><span style=\"color: #ffffff;\">Click for an online appointment request.<\/span><\/h3>\n<\/div>\n<\/div>\n<div class=\"wpb_text_column wpb_content_element \"><\/div>\n<\/div>\n<\/div>\n<\/div>\n<\/div>\n<\/div>\n<\/div>\n<\/div>\n<\/div>\n<\/div><\/div><div  class=\"one-third column-block  no-background    \" data-animation=\"\" style=\"  \"><div class=\"be-custom-column-inner\"><div class=\"be-button-wrap align-block block-left \"><a class=\"be-shortcode largebtn be-button left-icon circular   bg-animation-none\" href=\"\/en\/e-appointment\" style= \"border-style: solid; border-width:2px; border-color: #ffffff;background-color: transparent; color: #ffffff; \" data-animation=\"fadeIn\" data-bg-color=\"transparent\" data-hover-bg-color=\"transparent\" data-color=\"#ffffff\" data-hover-color=\"#ffffff\" data-border-color=\"#ffffff\" data-hover-border-color=\"#27a2db\" ><i class=\"font-icon icon-clock2\"><\/i>E-appointment<\/a><\/div><\/div><\/div><\/div><\/div><\/div>","protected":false},"excerpt":{"rendered":"<p><a href=\"https:\/\/www.elcerrahisi.info.tr\/en\/ganglion-on-wrist\/\" class=\"more-link style3-button\">Read More<\/a><\/p>","protected":false},"author":1,"featured_media":0,"parent":0,"menu_order":0,"comment_status":"closed","ping_status":"closed","template":"","meta":[],"_links":{"self":[{"href":"https:\/\/www.elcerrahisi.info.tr\/en\/wp-json\/wp\/v2\/pages\/897"}],"collection":[{"href":"https:\/\/www.elcerrahisi.info.tr\/en\/wp-json\/wp\/v2\/pages"}],"about":[{"href":"https:\/\/www.elcerrahisi.info.tr\/en\/wp-json\/wp\/v2\/types\/page"}],"author":[{"embeddable":true,"href":"https:\/\/www.elcerrahisi.info.tr\/en\/wp-json\/wp\/v2\/users\/1"}],"replies":[{"embeddable":true,"href":"https:\/\/www.elcerrahisi.info.tr\/en\/wp-json\/wp\/v2\/comments?post=897"}],"version-history":[{"count":1,"href":"https:\/\/www.elcerrahisi.info.tr\/en\/wp-json\/wp\/v2\/pages\/897\/revisions"}],"predecessor-version":[{"id":898,"href":"https:\/\/www.elcerrahisi.info.tr\/en\/wp-json\/wp\/v2\/pages\/897\/revisions\/898"}],"wp:attachment":[{"href":"https:\/\/www.elcerrahisi.info.tr\/en\/wp-json\/wp\/v2\/media?parent=897"}],"curies":[{"name":"wp","href":"https:\/\/api.w.org\/{rel}","templated":true}]}}