{"id":943,"date":"2017-03-09T15:05:12","date_gmt":"2017-03-09T12:05:12","guid":{"rendered":"http:\/\/www.elcerrahisi.info.tr\/?page_id=943\/"},"modified":"2017-03-30T18:24:43","modified_gmt":"2017-03-30T15:24:43","slug":"childrens-orthopaedics","status":"publish","type":"page","link":"https:\/\/www.elcerrahisi.info.tr\/en\/frequently-asked-questions\/childrens-orthopaedics\/","title":{"rendered":"Children&#8217;s Orthopaedics"},"content":{"rendered":"<div class=\"be-section         clearfix\" data-headerscheme=\"background--dark\" style=\" \"  ><div class=\"be-section-pad clearfix \" style=\" padding-top:90px;padding-bottom:90px;\" data-padding-top = \"90\"><div  class=\"be-row be-wrap clearfix \"><div  class=\"one-col column-block clearfix  no-background    \" data-animation=\"\" style=\"  \"><div class=\"be-custom-column-inner\"><div class=\"accordion be-shortcode\" data-collapsed=\"0\"><\/div><\/div><\/div><\/div><\/div><\/div><div class=\"be-section         clearfix\" data-headerscheme=\"background--light\" style=\" \"  ><div class=\"be-section-pad clearfix \" style=\" padding-top:64px;padding-bottom:0px;\" data-padding-top = \"64\"><div  class=\"be-row be-wrap clearfix zero-bottom be-no-space \"><div id = \"siyah-beyaz01\" class=\"one-third column-block  with-background be-bg-cover   be-bg-overlay\" data-animation=\"\" style=\"background: url(https:\/\/www.elcerrahisi.info.tr\/wp-content\/uploads\/2016\/12\/ameliyat01.jpg) no-repeat scroll bottom center;  vertical-align: top;\"><div class=\"be-custom-column-inner\"><div class=\"linebreak \" style=\"height:180px;\"><\/div><\/div><div class=\" section-overlay\" style=\"background: #27a2db; -ms-filter: progid:DXImageTransform.Microsoft.Alpha(Opacity=80);filter: alpha(opacity=80);-moz-opacity: 0.8;-khtml-opacity: 0.8;opacity: 0.8;\" ><\/div><\/div><div id = \"genisbuton1\" class=\"two-third column-block sss01 with-background be-bg-cover   be-bg-overlay\" data-animation=\"\" style=\"background: url(https:\/\/www.elcerrahisi.info.tr\/wp-content\/uploads\/2016\/12\/bg01.jpg) no-repeat scroll center center;  \"><div class=\"be-custom-column-pad\" style=\"padding-top: 5%;padding-right: 10%;padding-bottom: 8%;padding-left: 10%;\"><div class=\"be-text-inner clearfix\" style=\"width: 75%; margin: 0 0 30px;\"><p><img class=\"size-full wp-image-60 alignright\" style=\"position: absolute; right: 32px; bottom: 0;\" src=\"\/wp-content\/uploads\/2016\/12\/mahmutkomurcu01.png\" alt=\"\" width=\"230\" height=\"215\"><\/p>\n<h3>Ask and Get an Answer<\/h3>\n<blockquote><p>Prof. Dr. Mahmut K\u00f6m\u00fcrc\u00fc answers patient questions. Examine questions and answers frequently asked by our patients.<\/p><\/blockquote>\n<p>Send your questions, opinions, thoughts and suggestions to Prof. Dr. Mahmut K\u00f6m\u00fcrc\u00fc. We will try to answer your questions as soon as possible.<\/p>\n<\/div><div class=\"be-button-wrap align-block block-left \"><a class=\"be-shortcode largebtn be-button left-icon none   bg-animation-none\" href=\"\/en\/Frequently-asked-Questions\" style= \"border-style: solid; border-width:0px; border-color: transparent;background-color: #27a2db; color: #ffffff; \" data-animation=\"fadeIn\" data-bg-color=\"#27a2db\" data-hover-bg-color=\"#27a2db\" data-color=\"#ffffff\" data-hover-color=\"#ffffff\" data-border-color=\"transparent\" data-hover-border-color=\"transparent\" ><i class=\"font-icon icon-icon_question_alt2\"><\/i>Ask and Get an Answer<\/a><\/div><\/div><div class=\" section-overlay\" style=\"background: #ffffff; -ms-filter: progid:DXImageTransform.Microsoft.Alpha(Opacity=20);filter: alpha(opacity=20);-moz-opacity: 0.2;-khtml-opacity: 0.2;opacity: 0.2;\" ><\/div><\/div><\/div><\/div><\/div>","protected":false},"excerpt":{"rendered":"<p>Ask and Get an Answer Prof. Dr. Mahmut K\u00f6m\u00fcrc\u00fc answers patient questions. Examine questions and answers frequently asked by our patients. Send your questions, opinions, thoughts and suggestions to Prof. [&hellip;]<\/p>\n<p><a href=\"https:\/\/www.elcerrahisi.info.tr\/en\/frequently-asked-questions\/childrens-orthopaedics\/\" class=\"more-link style3-button\">Read More<\/a><\/p>","protected":false},"author":1,"featured_media":189,"parent":947,"menu_order":0,"comment_status":"closed","ping_status":"closed","template":"page-sidebar.php","meta":[],"_links":{"self":[{"href":"https:\/\/www.elcerrahisi.info.tr\/en\/wp-json\/wp\/v2\/pages\/943"}],"collection":[{"href":"https:\/\/www.elcerrahisi.info.tr\/en\/wp-json\/wp\/v2\/pages"}],"about":[{"href":"https:\/\/www.elcerrahisi.info.tr\/en\/wp-json\/wp\/v2\/types\/page"}],"author":[{"embeddable":true,"href":"https:\/\/www.elcerrahisi.info.tr\/en\/wp-json\/wp\/v2\/users\/1"}],"replies":[{"embeddable":true,"href":"https:\/\/www.elcerrahisi.info.tr\/en\/wp-json\/wp\/v2\/comments?post=943"}],"version-history":[{"count":3,"href":"https:\/\/www.elcerrahisi.info.tr\/en\/wp-json\/wp\/v2\/pages\/943\/revisions"}],"predecessor-version":[{"id":1309,"href":"https:\/\/www.elcerrahisi.info.tr\/en\/wp-json\/wp\/v2\/pages\/943\/revisions\/1309"}],"up":[{"embeddable":true,"href":"https:\/\/www.elcerrahisi.info.tr\/en\/wp-json\/wp\/v2\/pages\/947"}],"wp:featuredmedia":[{"embeddable":true,"href":"https:\/\/www.elcerrahisi.info.tr\/en\/wp-json\/wp\/v2\/media\/189"}],"wp:attachment":[{"href":"https:\/\/www.elcerrahisi.info.tr\/en\/wp-json\/wp\/v2\/media?parent=943"}],"curies":[{"name":"wp","href":"https:\/\/api.w.org\/{rel}","templated":true}]}}