{"id":947,"date":"2017-03-09T15:10:07","date_gmt":"2017-03-09T12:10:07","guid":{"rendered":"http:\/\/www.elcerrahisi.info.tr\/?page_id=947\/"},"modified":"2017-03-21T11:23:15","modified_gmt":"2017-03-21T08:23:15","slug":"frequently-asked-questions","status":"publish","type":"page","link":"https:\/\/www.elcerrahisi.info.tr\/en\/frequently-asked-questions\/","title":{"rendered":"Frequently asked Questions"},"content":{"rendered":"<div class=\"be-section         clearfix\" data-headerscheme=\"background--light\" style=\" \"  ><div class=\"be-section-pad clearfix \" style=\" padding-top:0px;padding-bottom:0px;\" data-padding-top = \"0\"><div  class=\"be-row be-wrap clearfix \"><div  class=\"one-col column-block clearfix  no-background    \" data-animation=\"\" style=\"  \"><div class=\"be-custom-column-inner\"><!-- The Grid Plugin Version 2.2.0 --><!-- The Grid Wrapper Start --><div class=\"tg-grid-wrapper tg-txt full-height\" id=\"grid-801\" data-version=\"2.2.0\"><!-- The Grid Styles --><style class=\"tg-grid-styles\" type=\"text\/css\" scoped>#grid-801 .tg-nav-color:not(.dots):not(.tg-dropdown-value):not(.tg-dropdown-title):hover,#grid-801 .tg-nav-color:hover .tg-nav-color,#grid-801 .tg-page-number.tg-page-current,#grid-801 .tg-filter.tg-filter-active span{color:#ff6863}#grid-801 .tg-filter:before,#grid-801 .tg-filter.tg-filter-active:before{color:#999999}#grid-801 .tg-dropdown-holder,#grid-801 .tg-search-inner,#grid-801 .tg-sorter-order{border:1px solid #DDDDDD}#grid-801 .tg-search-clear,#grid-801 .tg-search-clear:hover{border:none;border-left:1px solid #DDDDDD}.tg-txt .tg-nav-font,.tg-txt input[type=text].tg-search{font-size:14px;font-weight:600}.tg-txt .tg-search::-webkit-input-placeholder{font-size:14px}.tg-txt .tg-search::-moz-placeholder{font-size:14px}.tg-txt .tg-search:-ms-input-placeholder{font-size:14px}.tg-txt .tg-icon-left-arrow:before{content:\"\\e604\";font-size:32px;font-weight:100}.tg-txt .tg-icon-right-arrow:before{content:\"\\e602\";font-size:32px;font-weight:100}.tg-txt .tg-icon-dropdown-open:before,.tg-txt .tg-icon-sorter-down:before{content:\"\\e60a\"}.tg-txt .tg-icon-sorter-up:before{content:\"\\e609\"}.tg-txt .tg-search-clear:before{content:\"\\e611\";font-weight:300}.tg-txt .tg-search-icon:before{content:\"\\e62e\";font-size:16px;font-weight:600}#grid-801 .tg-nav-color,#grid-801 .tg-search-icon:hover:before,#grid-801 .tg-search-icon:hover input,#grid-801 .tg-disabled:hover .tg-icon-left-arrow,#grid-801 .tg-disabled:hover .tg-icon-right-arrow,#grid-801 .tg-dropdown-title.tg-nav-color:hover{color:#999999}#grid-801 input.tg-search:hover{color:#999999 !important}#grid-801 input.tg-search::-webkit-input-placeholder{color:#999999}#grid-801 input.tg-search::-moz-placeholder{color:#999999;opacity:1}#grid-801 input.tg-search:-ms-input-placeholder{color:#999999}.grid-801 .tg-dropdown-item{color:#777777;background:#ffffff}.grid-801 .tg-filter-active,.grid-801 .tg-dropdown-item:hover{color:#444444;background:#f5f6fa}#grid-801 .tg-slider-bullets li.tg-active-item span{background:#59585b}#grid-801 .tg-slider-bullets li span{background:#DDDDDD}#grid-801 .tg-grid-area-bottom1{text-align:center}.lome a,.lome a:active,.lome a:focus,.lome .tg-cats-holder,.lome .tg-item-title{text-decoration:none;border:none;-webkit-box-shadow:none;box-shadow:none;-webkit-transition:opacity 0.25s ease,color 0.25s ease,-webkit-transform 0.3s ease-in-out;-moz-transition:opacity 0.25s ease,color 0.25s ease,-moz-transform 0.3s ease-in-out;-ms-transition:opacity 0.25s ease,color 0.25s ease,-ms-transform 0.3s ease-in-out;-o-transition:opacity 0.25s ease,color 0.25s ease,-o-transform 0.3s ease-in-out;transition:opacity 0.25s ease,color 0.25s ease,transform 0.3s ease-in-out}.lome.tg-item{overflow:hidden}.lome .tg-center-holder{text-align:center}.lome .tg-item-content,.lome .tg-item-media-holder,.lome .tg-item-overlay{position:absolute;display:block;top:0;left:0;bottom:0;right:0}.lome:hover .tg-item-overlay{opacity:0.1}.lome .tg-item-content{margin:22px}.lome .tg-item-link{position:absolute;display:block;top:-500%;left:-22px;right:-22px;height:1000%}.lome .tg-item-title,.lome .tg-item-title a{position:relative;display:block;font-size:20px;line-height:26px;font-weight:600;margin:0 !important;padding:0 !important;text-transform:uppercase}.tg-layout-justified .lome .tg-item-title,.tg-layout-justified .lome .tg-item-title a{font-size:14px;line-height:18px}.lome .tg-item-title{margin:10px 0 0 0!important}.lome .tg-item-date{position:relative;display:block;font-size:14px;line-height:16px;margin:0;padding:0;font-style:italic}.tg-layout-justified .lome .tg-item-date{font-size:12px;line-height:16px}.lome .tg-media-button{position:absolute;display:block;bottom:0;right:0;width:20px;height:20px;cursor:pointer;text-align:center}.lome .tg-cats-holder a:hover,.lome .tg-media-button:hover{opacity:0.75}.lome .tg-media-button i{position:relative;display:block;width:20px;height:20px;font-size:18px;line-height:20px;cursor:pointer}.lome .tg-media-button .tg-icon-add{font-size:28px}.lome .mejs-overlay-play{display:none !important}.tg-item .tg-dark div,.tg-item .tg-dark h1,.tg-item .tg-dark h1 a,.tg-item .tg-dark h2,.tg-item .tg-dark h2 a,.tg-item .tg-dark h3,.tg-item .tg-dark h3 a,.tg-item .tg-dark h4,.tg-item .tg-dark h4 a,.tg-item .tg-dark h5,.tg-item .tg-dark h5 a,.tg-item .tg-dark h6,.tg-item .tg-dark h6 a,.tg-item .tg-dark a,.tg-item .tg-dark a.tg-link-url,.tg-item .tg-dark i,.tg-item .tg-dark .tg-media-button,.tg-item .tg-dark .tg-item-price span{color:#444444;fill:#444444;stroke:#444444;border-color:#444444}.tg-item .tg-dark p,.tg-item .tg-dark ol,.tg-item .tg-dark ul,.tg-item .tg-dark li{color:#777777;fill:#777777;stroke:#777777;border-color:#777777}.tg-item .tg-dark span,.tg-item .tg-dark .no-liked .to-heart-icon path,.tg-item .tg-dark .empty-heart .to-heart-icon path,.tg-item .tg-dark .tg-item-comment i,.tg-item .tg-dark .tg-item-price del span{color:#999999;fill:#999999;stroke:#999999;border-color:#999999}.tg-item .tg-light div,.tg-item .tg-light h1,.tg-item .tg-light h1 a,.tg-item .tg-light h2,.tg-item .tg-light h2 a,.tg-item .tg-light h3,.tg-item .tg-light h3 a,.tg-item .tg-light h4,.tg-item .tg-light h4 a,.tg-item .tg-light h5,.tg-item .tg-light h5 a,.tg-item .tg-light h6,.tg-item .tg-light h6 a,.tg-item .tg-light a,.tg-item .tg-light a.tg-link-url,.tg-item .tg-light i,.tg-item .tg-light .tg-media-button,.tg-item .tg-light .tg-item-price span{color:#ffffff;fill:#ffffff;stroke:#ffffff;border-color:#ffffff}.tg-item .tg-light p,.tg-item .tg-light ol,.tg-item .tg-light ul,.tg-item .tg-light li{color:#f6f6f6;fill:#f6f6f6;stroke:#f6f6f6;border-color:#f6f6f6}.tg-item .tg-light span,.tg-item .tg-light .no-liked .to-heart-icon path,.tg-item .tg-light .empty-heart .to-heart-icon path,.tg-item .tg-light .tg-item-comment i,.tg-item .tg-light .tg-item-price del span{color:#f5f5f5;fill:#f5f5f5;stroke:#f5f5f5;border-color:#f5f5f5}#grid-801 .tg-item-content-holder{background-color:#ffffff}#grid-801 .tg-item-overlay{background-color:rgba(22,22,22,0.65)}<\/style><!-- The Grid Item Sizer --><div class=\"tg-grid-sizer\"><\/div><!-- The Grid Gutter Sizer --><div class=\"tg-gutter-sizer\"><\/div><!-- The Grid Items Holder --><div class=\"tg-grid-holder tg-layout-grid\"  data-name=\"sss\"  data-style=\"grid\" data-row=\"1\" data-layout=\"vertical\" data-rtl=\"\" data-fitrows=\"\" data-filtercomb=\"\" data-filterlogic=\"AND\" data-filterload =\"\" data-sortbyload =\"\" data-orderload =\"false\" data-fullwidth=\"\" data-fullheight=\"null\" data-gutters=\"[[320,32],[480,32],[768,32],[980,32],[1200,32],[9999,32]]\" data-slider='{\"itemNav\":\"null\",\"swingSpeed\":0.1,\"cycleBy\":\"null\",\"cycle\":5000,\"startAt\":1}' data-ratio=\"1.00\" data-cols=\"[[320,&quot;1&quot;],[480,&quot;2&quot;],[768,&quot;2&quot;],[980,&quot;3&quot;],[1200,&quot;3&quot;],[9999,&quot;3&quot;]]\" data-rows=\"[[320,200],[480,200],[768,220],[980,220],[1200,240],[9999,240]]\" data-animation=\"{&quot;name&quot;:&quot;Fade in&quot;,&quot;visible&quot;:&quot;&quot;,&quot;hidden&quot;:&quot;&quot;}\" data-transition=\"700ms\" data-ajaxmethod=\"\" data-ajaxdelay=\"100\" data-preloader=\"\" data-itemdelay=\"100\" data-gallery=\"\" data-ajax=\"\"><!-- The Grid item #1 --><article class=\"tg-item tg-post-941 lome\" data-row=\"1\" data-col=\"1\"><div class=\"tg-item-inner\"><div class=\"tg-item-media-holder tg-light\"><div class=\"tg-item-media-inner\"><div class=\"tg-item-image\" style=\"background-image: url(https:\/\/www.elcerrahisi.info.tr\/wp-content\/uploads\/2017\/01\/basit_kemik.png)\"><\/div><\/div><div class=\"tg-item-overlay\"><\/div><div class=\"tg-item-content\"><div class=\"tg-center-holder\"><div class=\"tg-center-inner\"><a class=\"tg-item-link\" href=\"https:\/\/www.elcerrahisi.info.tr\/en\/after-joint-surgery\/\" target=\"_self\"><\/a><span class=\"tg-item-date\">9 March 2017<\/span><h2 class=\"tg-item-title\"><a href=\"https:\/\/www.elcerrahisi.info.tr\/en\/after-joint-surgery\/\" target=\"_self\">After Joint Surgery<\/a><\/h2><\/div><\/div><\/div><\/div><\/div><\/article><\/div><\/div><!-- The Grid Wrapper End --><\/div><\/div><\/div><\/div><\/div><div class=\"be-section         clearfix\" data-headerscheme=\"background--light\" style=\" \"  ><div class=\"be-section-pad clearfix \" style=\" padding-top:64px;padding-bottom:0px;\" data-padding-top = \"64\"><div  class=\"be-row be-wrap clearfix zero-bottom be-no-space \"><div id = \"siyah-beyaz01\" class=\"one-third column-block  with-background be-bg-cover   be-bg-overlay\" data-animation=\"\" style=\"background: url(https:\/\/www.elcerrahisi.info.tr\/wp-content\/uploads\/2016\/12\/ameliyat01.jpg) no-repeat scroll bottom center;  vertical-align: top;\"><div class=\"be-custom-column-inner\"><div class=\"linebreak \" style=\"height:180px;\"><\/div><\/div><div class=\" section-overlay\" style=\"background: #27a2db; -ms-filter: progid:DXImageTransform.Microsoft.Alpha(Opacity=80);filter: alpha(opacity=80);-moz-opacity: 0.8;-khtml-opacity: 0.8;opacity: 0.8;\" ><\/div><\/div><div id = \"genisbuton1\" class=\"two-third column-block sss01 with-background be-bg-cover   be-bg-overlay\" data-animation=\"\" style=\"background: url(https:\/\/www.elcerrahisi.info.tr\/wp-content\/uploads\/2016\/12\/bg01.jpg) no-repeat scroll center center;  \"><div class=\"be-custom-column-pad\" style=\"padding-top: 5%;padding-right: 10%;padding-bottom: 8%;padding-left: 10%;\"><div class=\"be-text-inner clearfix\" style=\"width: 75%; margin: 0 0 30px;\"><p><img class=\"size-full wp-image-60 alignright\" style=\"position: absolute; right: 32px; bottom: 0;\" src=\"\/wp-content\/uploads\/2016\/12\/mahmutkomurcu01.png\" alt=\"\" width=\"230\" height=\"215\"><\/p>\n<h3>Ask and Get an Answer<\/h3>\n<blockquote><p>Prof. Dr. Mahmut K\u00f6m\u00fcrc\u00fc answers patient questions. Examine questions and answers frequently asked by our patients.<\/p><\/blockquote>\n<p>Send your questions, opinions, thoughts and suggestions to Prof. Dr. Mahmut K\u00f6m\u00fcrc\u00fc. We will try to answer your questions as soon as possible.<\/p>\n<\/div><div class=\"be-button-wrap align-block block-left \"><a class=\"be-shortcode largebtn be-button left-icon none   bg-animation-none\" href=\"\/en\/Frequently-asked-Questions\" style= \"border-style: solid; border-width:0px; border-color: transparent;background-color: #27a2db; color: #ffffff; \" data-animation=\"fadeIn\" data-bg-color=\"#27a2db\" data-hover-bg-color=\"#27a2db\" data-color=\"#ffffff\" data-hover-color=\"#ffffff\" data-border-color=\"transparent\" data-hover-border-color=\"transparent\" ><i class=\"font-icon icon-icon_question_alt2\"><\/i>Ask and Get an Answer<\/a><\/div><\/div><div class=\" section-overlay\" style=\"background: #ffffff; -ms-filter: progid:DXImageTransform.Microsoft.Alpha(Opacity=20);filter: alpha(opacity=20);-moz-opacity: 0.2;-khtml-opacity: 0.2;opacity: 0.2;\" ><\/div><\/div><\/div><\/div><\/div>","protected":false},"excerpt":{"rendered":"<p>Ask and Get an Answer Prof. Dr. Mahmut K\u00f6m\u00fcrc\u00fc answers patient questions. Examine questions and answers frequently asked by our patients. Send your questions, opinions, thoughts and suggestions to Prof. [&hellip;]<\/p>\n<p><a href=\"https:\/\/www.elcerrahisi.info.tr\/en\/after-joint-surgery\/\" class=\"more-link style3-button\">Read More<\/a><\/p>","protected":false},"author":1,"featured_media":0,"parent":0,"menu_order":0,"comment_status":"closed","ping_status":"closed","template":"page-sidebar.php","meta":[],"_links":{"self":[{"href":"https:\/\/www.elcerrahisi.info.tr\/en\/wp-json\/wp\/v2\/pages\/947"}],"collection":[{"href":"https:\/\/www.elcerrahisi.info.tr\/en\/wp-json\/wp\/v2\/pages"}],"about":[{"href":"https:\/\/www.elcerrahisi.info.tr\/en\/wp-json\/wp\/v2\/types\/page"}],"author":[{"embeddable":true,"href":"https:\/\/www.elcerrahisi.info.tr\/en\/wp-json\/wp\/v2\/users\/1"}],"replies":[{"embeddable":true,"href":"https:\/\/www.elcerrahisi.info.tr\/en\/wp-json\/wp\/v2\/comments?post=947"}],"version-history":[{"count":1,"href":"https:\/\/www.elcerrahisi.info.tr\/en\/wp-json\/wp\/v2\/pages\/947\/revisions"}],"predecessor-version":[{"id":948,"href":"https:\/\/www.elcerrahisi.info.tr\/en\/wp-json\/wp\/v2\/pages\/947\/revisions\/948"}],"wp:attachment":[{"href":"https:\/\/www.elcerrahisi.info.tr\/en\/wp-json\/wp\/v2\/media?parent=947"}],"curies":[{"name":"wp","href":"https:\/\/api.w.org\/{rel}","templated":true}]}}